{"id":51,"date":"2025-03-31T16:51:56","date_gmt":"2025-03-31T14:51:56","guid":{"rendered":"https:\/\/labijoutisse.com\/?page_id=51"},"modified":"2025-05-16T10:03:56","modified_gmt":"2025-05-16T08:03:56","slug":"formulaire-pour-me-contacter","status":"publish","type":"page","link":"https:\/\/labijoutisse.com\/index.php\/formulaire-pour-me-contacter\/","title":{"rendered":"Pour me contacter"},"content":{"rendered":"\n<p>Pour toute question, vous pouvez me contacter \u00e0 l&rsquo;adresse mail suivante :<\/p>\n\n\n<div class=\"wp-block-image\">\n<figure class=\"aligncenter size-full is-resized\"><img loading=\"lazy\" decoding=\"async\" width=\"259\" height=\"100\" src=\"https:\/\/labijoutisse.com\/wp-content\/uploads\/2025\/05\/labijoutisse_mail.png\" alt=\"\" class=\"wp-image-265\" style=\"width:339px;height:auto\"\/><\/figure>\n<\/div>\n\n\n<p>Je vous r\u00e9pondrai au plus vite. A bient\u00f4t ! <\/p>\n\n\n\n<p><em>Coco<\/em><\/p>\n","protected":false},"excerpt":{"rendered":"<p>Pour toute question, vous pouvez me contacter \u00e0 l&rsquo;adresse mail suivante : Je vous r\u00e9pondrai au plus vite. A bient\u00f4t ! Coco<\/p>\n","protected":false},"author":1,"featured_media":0,"parent":0,"menu_order":0,"comment_status":"closed","ping_status":"closed","template":"","meta":{"footnotes":""},"class_list":["post-51","page","type-page","status-publish","hentry"],"jetpack_sharing_enabled":true,"_links":{"self":[{"href":"https:\/\/labijoutisse.com\/index.php\/wp-json\/wp\/v2\/pages\/51","targetHints":{"allow":["GET"]}}],"collection":[{"href":"https:\/\/labijoutisse.com\/index.php\/wp-json\/wp\/v2\/pages"}],"about":[{"href":"https:\/\/labijoutisse.com\/index.php\/wp-json\/wp\/v2\/types\/page"}],"author":[{"embeddable":true,"href":"https:\/\/labijoutisse.com\/index.php\/wp-json\/wp\/v2\/users\/1"}],"replies":[{"embeddable":true,"href":"https:\/\/labijoutisse.com\/index.php\/wp-json\/wp\/v2\/comments?post=51"}],"version-history":[{"count":6,"href":"https:\/\/labijoutisse.com\/index.php\/wp-json\/wp\/v2\/pages\/51\/revisions"}],"predecessor-version":[{"id":268,"href":"https:\/\/labijoutisse.com\/index.php\/wp-json\/wp\/v2\/pages\/51\/revisions\/268"}],"wp:attachment":[{"href":"https:\/\/labijoutisse.com\/index.php\/wp-json\/wp\/v2\/media?parent=51"}],"curies":[{"name":"wp","href":"https:\/\/api.w.org\/{rel}","templated":true}]}}